{"id":902,"date":"2021-04-10T04:07:48","date_gmt":"2021-04-10T04:07:48","guid":{"rendered":"http:\/\/russianextdoor.com\/?page_id=902"},"modified":"2025-08-21T15:11:12","modified_gmt":"2025-08-21T15:11:12","slug":"about","status":"publish","type":"page","link":"https:\/\/russianextdoor.com\/?page_id=902","title":{"rendered":"About"},"content":{"rendered":"\n<div class=\"wp-block-cover alignfull\" style=\"min-height:350px;aspect-ratio:unset;\"><span aria-hidden=\"true\" class=\"wp-block-cover__background has-ast-global-color-4-background-color has-background-dim-100 has-background-dim\"><\/span><div class=\"wp-block-cover__inner-container is-layout-flow wp-block-cover-is-layout-flow\">\n<h1 class=\"wp-block-heading has-ast-global-color-0-color has-text-color has-medium-font-size\">About us<\/h1>\n\n\n\n<p class=\"has-ast-global-color-3-color has-text-color\" style=\"font-size:22px\"><strong>&#8220;Russian World Next Door&#8221;<\/strong> is a three year project on the discourses of the Russian political communication and cultural diplomacy in Finland financed by <a href=\"https:\/\/koneensaatio.fi\/en\/\" target=\"_blank\" rel=\"noreferrer noopener\">Kone Foundation<\/a> (Finland)<\/p>\n\n\n\n<p class=\"has-ast-global-color-1-color has-text-color has-link-color wp-elements-b978e3eba017bb63ac3123c60e1effb3\">The <em>Russian World Next Door<\/em> project examines the complex interrelationships between Russian cultural diplomacy and its perception in Finland amid geopolitical tensions and domestic political dynamics. As part of the research, we are extending our focus to the discourses and practices of non-profit organisations that respond to the socio-cultural needs of the Russian-speaking community in Finland. We are interested in how these colingual organisations navigate a landscape fraught with political labelling pressures while fulfilling their integral role in Finnish society.<\/p>\n\n\n\n<p class=\"has-ast-global-color-1-color has-text-color has-link-color wp-elements-a332627235ecfcd22e36763f9ca93ca5\">The study adopts a multidimensional approach to analyse the social, visual and discursive aspects of cultural diplomacy. It first examines the dissemination of cultural and political narratives through digital media in order to understand the broader implications for international communication. The project then shifts its focus to the role of Russian language and culture in Finland. It analyses the perspectives and operational strategies of grassroots organisations involved in this area, focusing on their response to changing community dynamics and their approaches to cultural and linguistic practices.<\/p>\n\n\n\n<p class=\"has-ast-global-color-1-color has-text-color has-link-color wp-elements-b1fef8d9621e908b6113406c6c02b811\">Using a mixed-methods strategy that includes archival research, media analysis, and interviews with organisational leaders, the project aims to gather diverse insights into the discourse surrounding the Russian language and culture in Finland. This comprehensive methodology ensures an in-depth investigation while respecting the confidentiality of the participants. Finally, we plan to explore the visual narratives associated with Russian cultural diplomacy and political communication in order to understand how&nbsp; their multimodal expressions are&nbsp; projected globally.<\/p>\n<\/div><\/div>\n\n\n\n<div class=\"inherit-container-width wp-block-group alignfull has-ast-global-color-5-background-color has-background is-layout-constrained wp-block-group-is-layout-constrained\"><div class=\"wp-block-group__inner-container\">\n<div class=\"wp-block-media-text is-stacked-on-mobile\" style=\"grid-template-columns:24% auto\"><figure class=\"wp-block-media-text__media\"><img loading=\"lazy\" decoding=\"async\" width=\"280\" height=\"350\" src=\"https:\/\/russianextdoor.com\/wp-content\/uploads\/2022\/07\/menu.jpg\" alt=\"\" class=\"wp-image-1227 size-full\" srcset=\"https:\/\/russianextdoor.com\/wp-content\/uploads\/2022\/07\/menu.jpg 280w, https:\/\/russianextdoor.com\/wp-content\/uploads\/2022\/07\/menu-240x300.jpg 240w\" sizes=\"auto, (max-width: 280px) 100vw, 280px\" \/><\/figure><div class=\"wp-block-media-text__content\">\n<h6 class=\"wp-block-heading has-ast-global-color-0-color has-text-color\">Who we are<\/h6>\n\n\n\n<h2 class=\"wp-block-heading has-ast-global-color-2-color has-text-color\">Vera Zvereva<\/h2>\n\n\n\n<p class=\"has-ast-global-color-2-color has-text-color\"><strong>Vera Zvereva is a senior lecturer and researcher at the Department of Language and Communication Studies, University of Jyv\u00e4skyl\u00e4, Finland<\/strong><\/p>\n\n\n\n<p class=\"has-ast-global-color-3-color has-text-color\">Vera Zvereva is a member of the editorial board of the journal Digital Icons: Studies in Russian, Eurasian and Central European New Media. She has published on media culture and digital Russian studies. Her research interests deal with cultural and political communication on Russian-speaking Internet. She is the author of books Network Talks: Cultural Communication on the Russian Internet&nbsp; (University of Bergen, 2012) and Real Life on TV Screen (RSUH, 2012), and the co-editor of the collected volumes Memory, Conflict and New Media: Web Wars in Post-Socialist States (with Ellen Rutten and Julie Fedor) (Routledge, 2013) and From Central to Digital: Television in Russia (with Vlad Strukov) (Voronezh, 2014)<\/p>\n\n\n\n<p><a href=\"https:\/\/www.jyu.fi\/en\/people\/vera-zvereva\" target=\"_blank\" rel=\"noopener\" title=\"For more information, contacts and recent publications follow this link to Vera's University page\">For more information, contacts and recent publications follow this link to Vera&#8217;s University page<\/a><\/p>\n<\/div><\/div>\n<\/div><\/div>\n\n\n\n<div class=\"inherit-container-width wp-block-group alignfull has-ast-global-color-5-background-color has-background is-layout-constrained wp-block-group-is-layout-constrained\"><div class=\"wp-block-group__inner-container\">\n<div class=\"wp-block-media-text alignwide has-media-on-the-right is-stacked-on-mobile\" style=\"grid-template-columns:auto 23%\"><div class=\"wp-block-media-text__content\">\n<h6 class=\"wp-block-heading has-ast-global-color-0-color has-text-color\">Who we are<\/h6>\n\n\n\n<h2 class=\"wp-block-heading has-ast-global-color-2-color has-text-color\">Tatiana Romashko<\/h2>\n\n\n\n<p class=\"has-ast-global-color-2-color has-text-color\"><strong>Tatiana Romashko is a doctoral researcher at the Department of Social Sciences and Philosophy, University of Jyv\u00e4skyl\u00e4, Finland<\/strong><\/p>\n\n\n\n<p class=\"has-ast-global-color-3-color has-text-color\">Since 2010, Tatiana had been a senior lecturer at various universities of St. Petersburg, Russia. In 2017-2018, she was teaching in Master Program of Cultural policy at the University of Jyv\u00e4skyl\u00e4. Since 2020 Tatiana has contributed to the teaching process at the University of Jyv\u00e4skyl\u00e4, Tampere University and Helsinki University. Her research interests encompass Russian politics, cultural policy studies, cross-border cooperation between Finland and Russia, cultural governance and post-structural discourse theory. For the last eight years, Tatiana Romashko was a grantee of the Herzen University in Russia, Committee of High Education and Science in St. Petersburg, the University of Jyv\u00e4skyl\u00e4 and the Kone Foundation (Koneen S\u00e4\u00e4ti\u00f6) in Finland. Her current doctoral research project is devoted to the development of state cultural policy in Putin&#8217;s Russia and its contribution to the &#8216;Russian World&#8217; imaginary.<\/p>\n\n\n\n<p><a href=\"https:\/\/www.jyu.fi\/en\/people\/tatiana-romashko\" title=\"For more information, contacts and recent publications follow this link to Tatiana's University page\">For more information, contacts and recent publications follow this link to Tatiana&#8217;s University page<\/a><\/p>\n<\/div><figure class=\"wp-block-media-text__media\"><img loading=\"lazy\" decoding=\"async\" width=\"232\" height=\"350\" src=\"https:\/\/russianextdoor.com\/wp-content\/uploads\/2022\/07\/menu-1.jpg\" alt=\"\" class=\"wp-image-1226 size-full\" srcset=\"https:\/\/russianextdoor.com\/wp-content\/uploads\/2022\/07\/menu-1.jpg 232w, https:\/\/russianextdoor.com\/wp-content\/uploads\/2022\/07\/menu-1-199x300.jpg 199w\" sizes=\"auto, (max-width: 232px) 100vw, 232px\" \/><\/figure><\/div>\n<\/div><\/div>\n\n\n\n<div class=\"inherit-container-width wp-block-group alignfull has-ast-global-color-5-background-color has-background is-layout-constrained wp-block-group-is-layout-constrained\"><div class=\"wp-block-group__inner-container\">\n<div class=\"wp-block-media-text is-stacked-on-mobile\" style=\"grid-template-columns:22% auto\"><figure class=\"wp-block-media-text__media\"><img loading=\"lazy\" decoding=\"async\" width=\"239\" height=\"350\" src=\"https:\/\/russianextdoor.com\/wp-content\/uploads\/2022\/07\/Rasa-61.jpg\" alt=\"\" class=\"wp-image-1225 size-full\" srcset=\"https:\/\/russianextdoor.com\/wp-content\/uploads\/2022\/07\/Rasa-61.jpg 239w, https:\/\/russianextdoor.com\/wp-content\/uploads\/2022\/07\/Rasa-61-205x300.jpg 205w\" sizes=\"auto, (max-width: 239px) 100vw, 239px\" \/><\/figure><div class=\"wp-block-media-text__content\">\n<h6 class=\"wp-block-heading has-ast-global-color-0-color has-text-color\">Who we are<\/h6>\n\n\n\n<h2 class=\"wp-block-heading has-ast-global-color-2-color has-text-color\">Rasa \u017dakevi\u010di\u016bt\u0117<\/h2>\n\n\n\n<p class=\"has-ast-global-color-2-color has-text-color\"><strong>Rasa \u017dakevi\u010di\u016bt\u0117 is a researcher and lecturer at the Department of Social Sciences and Philosophy, University of Jyv\u00e4skyl\u00e4, Finland<\/strong>.<\/p>\n\n\n\n<p class=\"has-ast-global-color-3-color has-text-color\">As a sociologist, Rasa is interested in post-Soviet transition, co-creative decision making, visual communication and data visualization. She has been teaching sociology, social theories, research methods, and project management in various universities. Since 2016 her main research and teaching interests are in visual research methods, data presentation and vizualization, and visual communication.<\/p>\n\n\n\n<p><a href=\"https:\/\/www.jyu.fi\/fi\/henkilot\/rasa-zakeviciute\" title=\"For more information, contacts and recent publications follow this link to Rasa's University page\">For more information, contacts and recent publications follow this link to Rasa&#8217;s University page<\/a><\/p>\n<\/div><\/div>\n<\/div><\/div>\n\n\n\n<div class=\"inherit-container-width wp-block-group alignfull has-ast-global-color-5-background-color has-background is-layout-constrained wp-block-group-is-layout-constrained\"><div class=\"wp-block-group__inner-container\">\n<h3 class=\"wp-block-heading has-text-align-center\">Project timeline<\/h3>\n\n\n\n<div class=\"wp-block-columns alignwide is-layout-flex wp-container-core-columns-is-layout-28f84493 wp-block-columns-is-layout-flex\">\n<div class=\"wp-block-column is-layout-flow wp-block-column-is-layout-flow\">\n<h5 class=\"wp-block-heading has-text-align-left\"><strong>2022 March <\/strong><\/h5>\n\n\n\n<p class=\"has-text-align-left\">Initiation of the project<\/p>\n<\/div>\n\n\n\n<div class=\"wp-block-column is-layout-flow wp-block-column-is-layout-flow\">\n<h5 class=\"wp-block-heading has-text-align-left\"><strong>2022<\/strong> <strong>March-September<\/strong><\/h5>\n\n\n\n<p class=\"has-text-align-left\">Shaping project methodology, participating in public lectures, workshops and conferences<\/p>\n<\/div>\n\n\n\n<div class=\"wp-block-column is-layout-flow wp-block-column-is-layout-flow\">\n<h5 class=\"wp-block-heading has-text-align-left\"><strong>2022 September<\/strong><\/h5>\n\n\n\n<p class=\"has-text-align-left\">Project kick-off seminar<\/p>\n<\/div>\n\n\n\n<div class=\"wp-block-column is-layout-flow wp-block-column-is-layout-flow\">\n<h5 class=\"wp-block-heading has-text-align-left\"><strong>2022 October-2023 March<\/strong><\/h5>\n\n\n\n<p class=\"has-text-align-left\">Planning project research, data sources and seeking potential informants<\/p>\n<\/div>\n<\/div>\n\n\n\n<div class=\"wp-block-columns is-layout-flex wp-container-core-columns-is-layout-28f84493 wp-block-columns-is-layout-flex\">\n<div class=\"wp-block-column is-layout-flow wp-block-column-is-layout-flow\">\n<div class=\"wp-block-columns is-layout-flex wp-container-core-columns-is-layout-28f84493 wp-block-columns-is-layout-flex\">\n<div class=\"wp-block-column is-layout-flow wp-block-column-is-layout-flow\">\n<h5 class=\"wp-block-heading has-text-align-left\"><strong>2023 March-October<\/strong><\/h5>\n\n\n\n<p class=\"has-text-align-left\">Analysing literature sources, promoting project, presenting in conferences, finalizing research methodology and list of potential informants <\/p>\n<\/div>\n\n\n\n<div class=\"wp-block-column is-layout-flow wp-block-column-is-layout-flow\">\n<h5 class=\"wp-block-heading has-text-align-left\"><strong>2023 November-December<\/strong><\/h5>\n\n\n\n<p class=\"has-text-align-left\">Conducting interviews<\/p>\n<\/div>\n\n\n\n<div class=\"wp-block-column is-layout-flow wp-block-column-is-layout-flow\">\n<h5 class=\"wp-block-heading has-text-align-left\"><strong>2024 January-February<\/strong><\/h5>\n\n\n\n<p class=\"has-text-align-left\">Transcribing interviews, analysing data, presenting preliminary results<\/p>\n<\/div>\n\n\n\n<div class=\"wp-block-column is-layout-flow wp-block-column-is-layout-flow\">\n<h5 class=\"wp-block-heading has-text-align-left\"><strong>2024 March-December<\/strong><\/h5>\n\n\n\n<p class=\"has-text-align-left\">Conducting expert interviews, presenting preliminary research results, writing academic papers<\/p>\n<\/div>\n<\/div>\n<\/div>\n<\/div>\n\n\n\n<div class=\"wp-block-uagb-container uagb-block-deef9e65 alignfull uagb-is-root-container\"><div class=\"uagb-container-inner-blocks-wrap\">\n<div class=\"wp-block-columns is-layout-flex wp-container-core-columns-is-layout-28f84493 wp-block-columns-is-layout-flex\">\n<div class=\"wp-block-column is-layout-flow wp-block-column-is-layout-flow\">\n<h5 class=\"wp-block-heading\"><strong>2025 January to today<\/strong><\/h5>\n\n\n\n<p>Presenting results in the conferences, writing academic papers, preparing for the future projects<\/p>\n<\/div>\n\n\n\n<div class=\"wp-block-column is-layout-flow wp-block-column-is-layout-flow\"><\/div>\n\n\n\n<div class=\"wp-block-column is-layout-flow wp-block-column-is-layout-flow\"><\/div>\n\n\n\n<div class=\"wp-block-column is-layout-flow wp-block-column-is-layout-flow\"><\/div>\n<\/div>\n<\/div><\/div>\n<\/div><\/div>\n\n\n\n<p><\/p>\n","protected":false},"excerpt":{"rendered":"<p>Who we are Vera Zvereva Vera Zvereva is a senior lecturer and researcher at the Department of Language and Communication Studies, University of Jyv\u00e4skyl\u00e4, Finland Vera Zvereva is a member of the editorial board of the journal Digital Icons: Studies in Russian, Eurasian and Central European New Media. She has published on media culture and [&hellip;]<\/p>\n","protected":false},"author":1,"featured_media":0,"parent":0,"menu_order":0,"comment_status":"closed","ping_status":"closed","template":"","meta":{"om_disable_all_campaigns":false,"_uag_custom_page_level_css":"","_monsterinsights_skip_tracking":false,"_monsterinsights_sitenote_active":false,"_monsterinsights_sitenote_note":"","_monsterinsights_sitenote_category":0,"site-sidebar-layout":"no-sidebar","site-content-layout":"plain-container","ast-site-content-layout":"normal-width-container","site-content-style":"unboxed","site-sidebar-style":"unboxed","ast-global-header-display":"","ast-banner-title-visibility":"","ast-main-header-display":"","ast-hfb-above-header-display":"","ast-hfb-below-header-display":"","ast-hfb-mobile-header-display":"","site-post-title":"disabled","ast-breadcrumbs-content":"disabled","ast-featured-img":"disabled","footer-sml-layout":"","ast-disable-related-posts":"","theme-transparent-header-meta":"disabled","adv-header-id-meta":"","stick-header-meta":"","header-above-stick-meta":"","header-main-stick-meta":"","header-below-stick-meta":"","astra-migrate-meta-layouts":"set","ast-page-background-enabled":"default","ast-page-background-meta":{"desktop":{"background-color":"var(--ast-global-color-4)","background-image":"","background-repeat":"repeat","background-position":"center center","background-size":"auto","background-attachment":"scroll","background-type":"","background-media":"","overlay-type":"","overlay-color":"","overlay-opacity":"","overlay-gradient":""},"tablet":{"background-color":"","background-image":"","background-repeat":"repeat","background-position":"center center","background-size":"auto","background-attachment":"scroll","background-type":"","background-media":"","overlay-type":"","overlay-color":"","overlay-opacity":"","overlay-gradient":""},"mobile":{"background-color":"","background-image":"","background-repeat":"repeat","background-position":"center center","background-size":"auto","background-attachment":"scroll","background-type":"","background-media":"","overlay-type":"","overlay-color":"","overlay-opacity":"","overlay-gradient":""}},"ast-content-background-meta":{"desktop":{"background-color":"var(--ast-global-color-5)","background-image":"","background-repeat":"repeat","background-position":"center center","background-size":"auto","background-attachment":"scroll","background-type":"","background-media":"","overlay-type":"","overlay-color":"","overlay-opacity":"","overlay-gradient":""},"tablet":{"background-color":"var(--ast-global-color-5)","background-image":"","background-repeat":"repeat","background-position":"center center","background-size":"auto","background-attachment":"scroll","background-type":"","background-media":"","overlay-type":"","overlay-color":"","overlay-opacity":"","overlay-gradient":""},"mobile":{"background-color":"var(--ast-global-color-5)","background-image":"","background-repeat":"repeat","background-position":"center center","background-size":"auto","background-attachment":"scroll","background-type":"","background-media":"","overlay-type":"","overlay-color":"","overlay-opacity":"","overlay-gradient":""}},"footnotes":""},"class_list":["post-902","page","type-page","status-publish","hentry"],"aioseo_notices":[],"uagb_featured_image_src":{"full":false,"thumbnail":false,"medium":false,"medium_large":false,"large":false,"1536x1536":false,"2048x2048":false},"uagb_author_info":{"display_name":"Rasa","author_link":"https:\/\/russianextdoor.com\/?author=1"},"uagb_comment_info":0,"uagb_excerpt":"Who we are Vera Zvereva Vera Zvereva is a senior lecturer and researcher at the Department of Language and Communication Studies, University of Jyv\u00e4skyl\u00e4, Finland Vera Zvereva is a member of the editorial board of the journal Digital Icons: Studies in Russian, Eurasian and Central European New Media. She has published on media culture and&hellip;","_links":{"self":[{"href":"https:\/\/russianextdoor.com\/index.php?rest_route=\/wp\/v2\/pages\/902","targetHints":{"allow":["GET"]}}],"collection":[{"href":"https:\/\/russianextdoor.com\/index.php?rest_route=\/wp\/v2\/pages"}],"about":[{"href":"https:\/\/russianextdoor.com\/index.php?rest_route=\/wp\/v2\/types\/page"}],"author":[{"embeddable":true,"href":"https:\/\/russianextdoor.com\/index.php?rest_route=\/wp\/v2\/users\/1"}],"replies":[{"embeddable":true,"href":"https:\/\/russianextdoor.com\/index.php?rest_route=%2Fwp%2Fv2%2Fcomments&post=902"}],"version-history":[{"count":23,"href":"https:\/\/russianextdoor.com\/index.php?rest_route=\/wp\/v2\/pages\/902\/revisions"}],"predecessor-version":[{"id":1664,"href":"https:\/\/russianextdoor.com\/index.php?rest_route=\/wp\/v2\/pages\/902\/revisions\/1664"}],"wp:attachment":[{"href":"https:\/\/russianextdoor.com\/index.php?rest_route=%2Fwp%2Fv2%2Fmedia&parent=902"}],"curies":[{"name":"wp","href":"https:\/\/api.w.org\/{rel}","templated":true}]}}